{"id":3942,"date":"2016-12-30T07:43:15","date_gmt":"2016-12-30T06:43:15","guid":{"rendered":"https:\/\/serta.ch\/home\/la-nostra-carta\/?lang=de"},"modified":"2025-06-15T19:25:43","modified_gmt":"2025-06-15T17:25:43","slug":"la-nostra-carta","status":"publish","type":"page","link":"https:\/\/serta.ch\/de\/unsere-speisekarte\/","title":{"rendered":"Unsere Speisekarte"},"content":{"rendered":"<h2>EINFACH UNSERE GERICHTE<\/h2>\n<p>\t\t\u00fcber die K\u00fcche, den Grill und den Steinofen<br \/>\n\t\t<img width=\"1920\" height=\"1281\" src=\"https:\/\/serta.ch\/wp-content\/uploads\/2021\/02\/Serta_nostrespecialita.jpg\" alt=\"\" decoding=\"async\" loading=\"lazy\" srcset=\"https:\/\/serta.ch\/wp-content\/uploads\/2021\/02\/Serta_nostrespecialita.jpg 1920w, https:\/\/serta.ch\/wp-content\/uploads\/2021\/02\/Serta_nostrespecialita-300x200.jpg 300w, https:\/\/serta.ch\/wp-content\/uploads\/2021\/02\/Serta_nostrespecialita-768x512.jpg 768w, https:\/\/serta.ch\/wp-content\/uploads\/2021\/02\/Serta_nostrespecialita-752x502.jpg 752w, https:\/\/serta.ch\/wp-content\/uploads\/2021\/02\/Serta_nostrespecialita-373x249.jpg 373w, https:\/\/serta.ch\/wp-content\/uploads\/2021\/02\/Serta_nostrespecialita-605x404.jpg 605w\" sizes=\"auto, (max-width: 1920px) 100vw, 1920px\" \/>\t\t<\/p>\n<h3>AM TISCH PORTIONIEREN WIR UND BEREITEN F\u00dcR SIE FOLGENDES ZU:<\/h3>\n<p>\t\t<strong>Rindertatar (mind. 2 Personen)<\/strong><br \/>\n<b>Ch\u00e2teaubriandmit Doppelservice und SauceB\u00e9arnaise<\/b><br \/>\n<b>Die hei\u00dfe Zabaglione<br \/>\n<\/b><br \/>\n<strong>Ab Ende September:<br \/>\nDer traditionelle Rehr\u00fccken Baden-Baden mit 10 Beilagen<\/strong><br \/>\n<strong>\u00a0<\/strong><br \/>\n\u00a0<br \/>\n\t\t<img width=\"768\" height=\"510\" src=\"https:\/\/serta.ch\/wp-content\/uploads\/2018\/03\/Tonno-sesamo-768x510.jpg\" alt=\"\" decoding=\"async\" loading=\"lazy\" srcset=\"https:\/\/serta.ch\/wp-content\/uploads\/2018\/03\/Tonno-sesamo-768x510.jpg 768w, https:\/\/serta.ch\/wp-content\/uploads\/2018\/03\/Tonno-sesamo-300x199.jpg 300w, https:\/\/serta.ch\/wp-content\/uploads\/2018\/03\/Tonno-sesamo-2024x1344.jpg 2024w, https:\/\/serta.ch\/wp-content\/uploads\/2018\/03\/Tonno-sesamo-752x499.jpg 752w, https:\/\/serta.ch\/wp-content\/uploads\/2018\/03\/Tonno-sesamo-373x248.jpg 373w, https:\/\/serta.ch\/wp-content\/uploads\/2018\/03\/Tonno-sesamo-605x402.jpg 605w\" sizes=\"auto, (max-width: 768px) 100vw, 768px\" \/><br \/>\n\t\t<img width=\"700\" height=\"420\" src=\"https:\/\/serta.ch\/wp-content\/uploads\/2018\/05\/c700x420.jpg\" alt=\"\" decoding=\"async\" loading=\"lazy\" srcset=\"https:\/\/serta.ch\/wp-content\/uploads\/2018\/05\/c700x420.jpg 700w, https:\/\/serta.ch\/wp-content\/uploads\/2018\/05\/c700x420-300x180.jpg 300w, https:\/\/serta.ch\/wp-content\/uploads\/2018\/05\/c700x420-373x224.jpg 373w, https:\/\/serta.ch\/wp-content\/uploads\/2018\/05\/c700x420-605x363.jpg 605w\" sizes=\"auto, (max-width: 700px) 100vw, 700px\" \/>\t\t<\/p>\n<h3>VON UNSEREM PIZZAB\u00c4CKER<\/h3>\n<p>\t\t<b>Pizzen mit glutenfreien, laktosefreien und Vollkornteigen<br \/>\n<\/b>\t\t<\/p>\n<h3>ZEITLOSE GERICHTE<\/h3>\n<p>\t\t<strong>Kalbsbeinscheibe mit Tessiner Risotto mit Safranstempeln und Maggiapfeffer<\/strong><br \/>\n<strong>Gebratenes Kalbshirn mit Zucchinibl\u00fcten und sardischer Pecorinocreme<\/strong><br \/>\n<strong>Leber venezianisch<\/strong><br \/>\n<strong>Die Pizzoccheri<\/strong><br \/>\n\t\t<img width=\"768\" height=\"512\" src=\"https:\/\/serta.ch\/wp-content\/uploads\/2021\/02\/Dolce-768x512.jpg\" alt=\"\" decoding=\"async\" loading=\"lazy\" srcset=\"https:\/\/serta.ch\/wp-content\/uploads\/2021\/02\/Dolce-768x512.jpg 768w, https:\/\/serta.ch\/wp-content\/uploads\/2021\/02\/Dolce-300x200.jpg 300w, https:\/\/serta.ch\/wp-content\/uploads\/2021\/02\/Dolce-2024x1349.jpg 2024w, https:\/\/serta.ch\/wp-content\/uploads\/2021\/02\/Dolce-752x501.jpg 752w, https:\/\/serta.ch\/wp-content\/uploads\/2021\/02\/Dolce-373x249.jpg 373w, https:\/\/serta.ch\/wp-content\/uploads\/2021\/02\/Dolce-605x403.jpg 605w\" sizes=\"auto, (max-width: 768px) 100vw, 768px\" \/>\t\t<\/p>\n<h5>Sommer<a href=\"https:\/\/serta.ch\/wp-content\/uploads\/2021\/09\/Carta-autunnale-2021.pdf\">MEN\u00dc 202<\/a>5 DAS AKTUALISIERTE MEN\u00dc IM PDF-FORMAT HERUNTERLADEN<\/h5>\n<p>\t\t\t<a href=\"https:\/\/serta.ch\/wp-content\/uploads\/2025\/06\/14.06.2025-Carta-estiva.pdf\"><br \/>\n\t\t\t\t\t\tSerta MEN\u00dc 2025<br \/>\n\t\t\t\t\t<\/a><\/p>\n","protected":false},"excerpt":{"rendered":"<p>EINFACH UNSERE GERICHTE \u00fcber die K\u00fcche, den Grill und den Steinofen AM TISCH PORTIONIEREN WIR UND BEREITEN F\u00dcR SIE FOLGENDES [&hellip;]<\/p>\n","protected":false},"author":1,"featured_media":0,"parent":3899,"menu_order":0,"comment_status":"closed","ping_status":"closed","template":"","meta":{"footnotes":"","_links_to":"","_links_to_target":""},"class_list":["post-3942","page","type-page","status-publish","hentry"],"_links":{"self":[{"href":"https:\/\/serta.ch\/de\/wp-json\/wp\/v2\/pages\/3942","targetHints":{"allow":["GET"]}}],"collection":[{"href":"https:\/\/serta.ch\/de\/wp-json\/wp\/v2\/pages"}],"about":[{"href":"https:\/\/serta.ch\/de\/wp-json\/wp\/v2\/types\/page"}],"author":[{"embeddable":true,"href":"https:\/\/serta.ch\/de\/wp-json\/wp\/v2\/users\/1"}],"replies":[{"embeddable":true,"href":"https:\/\/serta.ch\/de\/wp-json\/wp\/v2\/comments?post=3942"}],"version-history":[{"count":7,"href":"https:\/\/serta.ch\/de\/wp-json\/wp\/v2\/pages\/3942\/revisions"}],"predecessor-version":[{"id":5268,"href":"https:\/\/serta.ch\/de\/wp-json\/wp\/v2\/pages\/3942\/revisions\/5268"}],"up":[{"embeddable":true,"href":"https:\/\/serta.ch\/de\/wp-json\/wp\/v2\/pages\/3899"}],"wp:attachment":[{"href":"https:\/\/serta.ch\/de\/wp-json\/wp\/v2\/media?parent=3942"}],"curies":[{"name":"wp","href":"https:\/\/api.w.org\/{rel}","templated":true}]}}