{"id":3984,"date":"2016-12-01T11:07:14","date_gmt":"2016-12-01T10:07:14","guid":{"rendered":"https:\/\/serta.ch\/de\/home\/cantina-dei-vini\/"},"modified":"2024-09-18T10:48:59","modified_gmt":"2024-09-18T08:48:59","slug":"cantina-dei-vini","status":"publish","type":"page","link":"https:\/\/serta.ch\/de\/weinkeller\/","title":{"rendered":"Weinkeller"},"content":{"rendered":"<h2>UNSER NEUER BEREICH: DAS WEINGUT \u201eGIRO DI VITE\u201c<\/h2>\n<p>\t\tMehrals 350 Labels mitderunendlichen Lust, alle qualitativen Nuancen unseres Tessiner \u201eWeinbergs\u201c zu<br \/>\nentdecken. Der neue Weinkeller ist ideal f\u00fcr thematische Verkostungen, Stehap\u00e9ros (die Tischanordnung kann angepasst werden) und intime Abendessen.<br \/>\n\t\t<iframe loading=\"lazy\" width=\"1180\" height=\"664\" src=\"https:\/\/www.youtube.com\/embed\/AXT30bgs74U?feature=oembed\" frameborder=\"0\" allow=\"accelerometer; autoplay; clipboard-write; encrypted-media; gyroscope; picture-in-picture\" allowfullscreen><\/iframe>\t\t<\/p>\n<h3>EINE REISE DURCH DAS TESSIN, ITALIEN UND DEN REST DER WELT, NEUGIERIG UND BEGLEITET VON FASZINIERENDEN RUBRIKEN&#8230;<br \/>\nMEHR ALS 350 ETIKETTEN MIT 130 TESSINER REFERENZEN<br \/>\n<\/h3>\n<p>\t\t<img width=\"1180\" height=\"753\" src=\"https:\/\/serta.ch\/wp-content\/uploads\/2021\/10\/K00085-2-2024x1292.jpg\" alt=\"\" decoding=\"async\" loading=\"lazy\" srcset=\"https:\/\/serta.ch\/wp-content\/uploads\/2021\/10\/K00085-2-2024x1292.jpg 2024w, https:\/\/serta.ch\/wp-content\/uploads\/2021\/10\/K00085-2-300x192.jpg 300w, https:\/\/serta.ch\/wp-content\/uploads\/2021\/10\/K00085-2-768x490.jpg 768w, https:\/\/serta.ch\/wp-content\/uploads\/2021\/10\/K00085-2-752x480.jpg 752w, https:\/\/serta.ch\/wp-content\/uploads\/2021\/10\/K00085-2-373x238.jpg 373w, https:\/\/serta.ch\/wp-content\/uploads\/2021\/10\/K00085-2-605x386.jpg 605w\" sizes=\"auto, (max-width: 1180px) 100vw, 1180px\" \/><br \/>\n\t\t<b>Arm aber sch\u00f6n!<\/b><br \/>\nGute Weine mit ausgezeichnetem Preis-Leistungs-Verh\u00e4ltnis.<br \/>\n<b>W\u00fcrfeln und trinken!<\/b><br \/>\nFordern Sie den W\u00fcrfel an, w\u00fcrfeln Sie. Wir w\u00fcnschen Ihnen, dass die Gl\u00fccksfee mit Ihnen ansto\u00dfen wird! Auf diese Weine 10 % bis 35 % Rabatt!<b>Trinken wir auf ungew\u00f6hnliche Weise!<br \/>\n<\/b>Die Lust, sich auf der Suche nach unerwarteten \u00dcberraschungen an weniger bekannte Reben und Appellationen zu wagen.<br \/>\n<b>Versuchen, den Pinot Noir zu verstehen!<\/b><br \/>\nWir beginnen mit 2 Tessiner Sp\u00e4tburgundern und fahren dann mit denjenigen fort, die in den am besten geeigneten Gebieten produziert werden .\t\t<\/p>\n<h3>MEHR ALS 360 GESCHICHTEN VON WEINEN UND REBEN, DIE WIR MITEINANDER TEILEN K\u00d6NNEN<\/h3>\n<p>\t\t<b>Ein r\u00fcstiger alter Tessiner!<br \/>\n<\/b>Entdecken Sie die Langlebigkeit der Tessiner Weine!<br \/>\n<b>Ein paar kleine Schl\u00fcckchen rund um die Welt!<br \/>\n<\/b>Kleine \u00f6nologische Reise, um den Rest der Welt zu entdecken!<br \/>\n<b>Und schlie\u00dflich k\u00f6nnen Sie, wenn Sie m\u00f6chten,  auch in den Weinkeller hinabsteigen und die hinter dem Tor gelagerten Weine durchst\u00f6bern&#8230;<\/b><br \/>\n\t\t<img width=\"2016\" height=\"1512\" src=\"https:\/\/serta.ch\/wp-content\/uploads\/2024\/02\/03-Serta_camino_2024.jpg\" alt=\"\" decoding=\"async\" loading=\"lazy\" srcset=\"https:\/\/serta.ch\/wp-content\/uploads\/2024\/02\/03-Serta_camino_2024.jpg 2016w, https:\/\/serta.ch\/wp-content\/uploads\/2024\/02\/03-Serta_camino_2024-300x225.jpg 300w, https:\/\/serta.ch\/wp-content\/uploads\/2024\/02\/03-Serta_camino_2024-768x576.jpg 768w, https:\/\/serta.ch\/wp-content\/uploads\/2024\/02\/03-Serta_camino_2024-1536x1152.jpg 1536w, https:\/\/serta.ch\/wp-content\/uploads\/2024\/02\/03-Serta_camino_2024-752x564.jpg 752w, https:\/\/serta.ch\/wp-content\/uploads\/2024\/02\/03-Serta_camino_2024-373x280.jpg 373w, https:\/\/serta.ch\/wp-content\/uploads\/2024\/02\/03-Serta_camino_2024-605x454.jpg 605w\" sizes=\"auto, (max-width: 2016px) 100vw, 2016px\" \/>\t\t<\/p>\n<h3>DAS WEINGUT \u201eGIRO DI VITE\u201c<\/h3>\n<p>\t\t<strong>Perfekt f\u00fcr intime Veranstaltungen und Abendessen f\u00fcr bis zu 18 Personen.<br \/>\n<\/strong><br \/>\n<strong>Es empf\u00e4ngt Sie <\/strong><strong>Michele Braccia, Schirmherr mit Eidgen\u00f6ssischem Sommelier-Diplom (APF)<\/strong><br \/>\n\t\t<img width=\"768\" height=\"1124\" src=\"https:\/\/serta.ch\/wp-content\/uploads\/2021\/09\/KN_2366-768x1124.jpg\" alt=\"\" decoding=\"async\" loading=\"lazy\" srcset=\"https:\/\/serta.ch\/wp-content\/uploads\/2021\/09\/KN_2366-768x1124.jpg 768w, https:\/\/serta.ch\/wp-content\/uploads\/2021\/09\/KN_2366-205x300.jpg 205w, https:\/\/serta.ch\/wp-content\/uploads\/2021\/09\/KN_2366-1383x2024.jpg 1383w, https:\/\/serta.ch\/wp-content\/uploads\/2021\/09\/KN_2366-752x1101.jpg 752w, https:\/\/serta.ch\/wp-content\/uploads\/2021\/09\/KN_2366-373x546.jpg 373w, https:\/\/serta.ch\/wp-content\/uploads\/2021\/09\/KN_2366-605x886.jpg 605w\" sizes=\"auto, (max-width: 768px) 100vw, 768px\" \/><br \/>\n\t\t<img width=\"768\" height=\"576\" src=\"https:\/\/serta.ch\/wp-content\/uploads\/2022\/09\/PHOTO-2022-09-06-13-28-03-768x576.jpg\" alt=\"\" decoding=\"async\" loading=\"lazy\" srcset=\"https:\/\/serta.ch\/wp-content\/uploads\/2022\/09\/PHOTO-2022-09-06-13-28-03-768x576.jpg 768w, https:\/\/serta.ch\/wp-content\/uploads\/2022\/09\/PHOTO-2022-09-06-13-28-03-300x225.jpg 300w, https:\/\/serta.ch\/wp-content\/uploads\/2022\/09\/PHOTO-2022-09-06-13-28-03-752x564.jpg 752w, https:\/\/serta.ch\/wp-content\/uploads\/2022\/09\/PHOTO-2022-09-06-13-28-03-373x280.jpg 373w, https:\/\/serta.ch\/wp-content\/uploads\/2022\/09\/PHOTO-2022-09-06-13-28-03-605x454.jpg 605w, https:\/\/serta.ch\/wp-content\/uploads\/2022\/09\/PHOTO-2022-09-06-13-28-03.jpg 1024w\" sizes=\"auto, (max-width: 768px) 100vw, 768px\" \/><br \/>\n\t\t<img width=\"1139\" height=\"2024\" src=\"https:\/\/serta.ch\/wp-content\/uploads\/2023\/10\/PHOTO-2023-10-06-21-44-22-copia-1139x2024.jpg\" alt=\"\" decoding=\"async\" loading=\"lazy\" srcset=\"https:\/\/serta.ch\/wp-content\/uploads\/2023\/10\/PHOTO-2023-10-06-21-44-22-copia-1139x2024.jpg 1139w, https:\/\/serta.ch\/wp-content\/uploads\/2023\/10\/PHOTO-2023-10-06-21-44-22-copia-169x300.jpg 169w, https:\/\/serta.ch\/wp-content\/uploads\/2023\/10\/PHOTO-2023-10-06-21-44-22-copia-768x1365.jpg 768w, https:\/\/serta.ch\/wp-content\/uploads\/2023\/10\/PHOTO-2023-10-06-21-44-22-copia-864x1536.jpg 864w, https:\/\/serta.ch\/wp-content\/uploads\/2023\/10\/PHOTO-2023-10-06-21-44-22-copia-752x1336.jpg 752w, https:\/\/serta.ch\/wp-content\/uploads\/2023\/10\/PHOTO-2023-10-06-21-44-22-copia-373x663.jpg 373w, https:\/\/serta.ch\/wp-content\/uploads\/2023\/10\/PHOTO-2023-10-06-21-44-22-copia-605x1075.jpg 605w, https:\/\/serta.ch\/wp-content\/uploads\/2023\/10\/PHOTO-2023-10-06-21-44-22-copia.jpg 1148w\" sizes=\"auto, (max-width: 1139px) 100vw, 1139px\" \/><br \/>\n\t\t<img width=\"1024\" height=\"768\" src=\"https:\/\/serta.ch\/wp-content\/uploads\/2022\/09\/PHOTO-2022-09-06-13-27-55.jpg\" alt=\"\" decoding=\"async\" loading=\"lazy\" srcset=\"https:\/\/serta.ch\/wp-content\/uploads\/2022\/09\/PHOTO-2022-09-06-13-27-55.jpg 1024w, https:\/\/serta.ch\/wp-content\/uploads\/2022\/09\/PHOTO-2022-09-06-13-27-55-300x225.jpg 300w, https:\/\/serta.ch\/wp-content\/uploads\/2022\/09\/PHOTO-2022-09-06-13-27-55-768x576.jpg 768w, https:\/\/serta.ch\/wp-content\/uploads\/2022\/09\/PHOTO-2022-09-06-13-27-55-752x564.jpg 752w, https:\/\/serta.ch\/wp-content\/uploads\/2022\/09\/PHOTO-2022-09-06-13-27-55-373x280.jpg 373w, https:\/\/serta.ch\/wp-content\/uploads\/2022\/09\/PHOTO-2022-09-06-13-27-55-605x454.jpg 605w\" sizes=\"auto, (max-width: 1024px) 100vw, 1024px\" \/><br \/>\n\t\t<img width=\"1024\" height=\"768\" src=\"https:\/\/serta.ch\/wp-content\/uploads\/2022\/09\/PHOTO-2022-09-06-13-27-42.jpg\" alt=\"\" decoding=\"async\" loading=\"lazy\" srcset=\"https:\/\/serta.ch\/wp-content\/uploads\/2022\/09\/PHOTO-2022-09-06-13-27-42.jpg 1024w, https:\/\/serta.ch\/wp-content\/uploads\/2022\/09\/PHOTO-2022-09-06-13-27-42-300x225.jpg 300w, https:\/\/serta.ch\/wp-content\/uploads\/2022\/09\/PHOTO-2022-09-06-13-27-42-768x576.jpg 768w, https:\/\/serta.ch\/wp-content\/uploads\/2022\/09\/PHOTO-2022-09-06-13-27-42-752x564.jpg 752w, https:\/\/serta.ch\/wp-content\/uploads\/2022\/09\/PHOTO-2022-09-06-13-27-42-373x280.jpg 373w, https:\/\/serta.ch\/wp-content\/uploads\/2022\/09\/PHOTO-2022-09-06-13-27-42-605x454.jpg 605w\" sizes=\"auto, (max-width: 1024px) 100vw, 1024px\" \/>\t\t<\/p>\n<h5>DIE AKTUALISIERTE WEINKARTE IM PDF-FORMAT EINSEHEN<\/h5>\n<p>\t\t\t<a href=\"https:\/\/serta.ch\/wp-content\/uploads\/2024\/09\/Carta-del-vino-aggiornata-il-13.09.2024.pdf\"><br \/>\n\t\t\t\t\t\tWEINKARTE 2024<br \/>\n\t\t\t\t\t<\/a><\/p>\n","protected":false},"excerpt":{"rendered":"<p>UNSER NEUER BEREICH: DAS WEINGUT \u201eGIRO DI VITE\u201c Mehrals 350 Labels mitderunendlichen Lust, alle qualitativen Nuancen unseres Tessiner \u201eWeinbergs\u201c zu [&hellip;]<\/p>\n","protected":false},"author":1,"featured_media":0,"parent":3899,"menu_order":0,"comment_status":"closed","ping_status":"closed","template":"","meta":{"footnotes":"","_links_to":"","_links_to_target":""},"class_list":["post-3984","page","type-page","status-publish","hentry"],"_links":{"self":[{"href":"https:\/\/serta.ch\/de\/wp-json\/wp\/v2\/pages\/3984","targetHints":{"allow":["GET"]}}],"collection":[{"href":"https:\/\/serta.ch\/de\/wp-json\/wp\/v2\/pages"}],"about":[{"href":"https:\/\/serta.ch\/de\/wp-json\/wp\/v2\/types\/page"}],"author":[{"embeddable":true,"href":"https:\/\/serta.ch\/de\/wp-json\/wp\/v2\/users\/1"}],"replies":[{"embeddable":true,"href":"https:\/\/serta.ch\/de\/wp-json\/wp\/v2\/comments?post=3984"}],"version-history":[{"count":16,"href":"https:\/\/serta.ch\/de\/wp-json\/wp\/v2\/pages\/3984\/revisions"}],"predecessor-version":[{"id":4971,"href":"https:\/\/serta.ch\/de\/wp-json\/wp\/v2\/pages\/3984\/revisions\/4971"}],"up":[{"embeddable":true,"href":"https:\/\/serta.ch\/de\/wp-json\/wp\/v2\/pages\/3899"}],"wp:attachment":[{"href":"https:\/\/serta.ch\/de\/wp-json\/wp\/v2\/media?parent=3984"}],"curies":[{"name":"wp","href":"https:\/\/api.w.org\/{rel}","templated":true}]}}