{"id":3991,"date":"2018-02-20T00:03:38","date_gmt":"2018-02-19T23:03:38","guid":{"rendered":"https:\/\/serta.ch\/de\/home\/griglia\/"},"modified":"2021-12-08T11:13:02","modified_gmt":"2021-12-08T10:13:02","slug":"griglia","status":"publish","type":"page","link":"https:\/\/serta.ch\/de\/gegrilltes\/","title":{"rendered":"Gegrilltes"},"content":{"rendered":"<h2>GRILLSPEZIALIT\u00c4TEN<\/h2>\n<h5>DER GRILL BEGLEITET UNS SEIT JEHER DAS GANZE JAHR \u00dcBER MITTAGS UND ABENDS.<\/h5>\n<p><img loading=\"lazy\" decoding=\"async\" src=\"https:\/\/serta.ch\/wp-content\/uploads\/2021\/09\/jose-ignacio-pompe-s-Z-h0fEiBM-unsplash-1.jpg\" sizes=\"auto, (max-width: 6000px) 100vw, 6000px\" srcset=\"https:\/\/serta.ch\/wp-content\/uploads\/2021\/09\/jose-ignacio-pompe-s-Z-h0fEiBM-unsplash-1.jpg 6000w, https:\/\/serta.ch\/wp-content\/uploads\/2021\/09\/jose-ignacio-pompe-s-Z-h0fEiBM-unsplash-1-300x200.jpg 300w, https:\/\/serta.ch\/wp-content\/uploads\/2021\/09\/jose-ignacio-pompe-s-Z-h0fEiBM-unsplash-1-768x512.jpg 768w, https:\/\/serta.ch\/wp-content\/uploads\/2021\/09\/jose-ignacio-pompe-s-Z-h0fEiBM-unsplash-1-752x501.jpg 752w, https:\/\/serta.ch\/wp-content\/uploads\/2021\/09\/jose-ignacio-pompe-s-Z-h0fEiBM-unsplash-1-373x249.jpg 373w, https:\/\/serta.ch\/wp-content\/uploads\/2021\/09\/jose-ignacio-pompe-s-Z-h0fEiBM-unsplash-1-605x403.jpg 605w\" alt=\"\" width=\"6000\" height=\"4000\" \/><\/p>\n<h5>DAS SCHWEIN ERZ\u00c4HLT VON SICH<br \/>\nRIPPCHEN<br \/>\n5 RIPPCHEN GEGEN 10 LENDERIPPCHEN<\/h5>\n<h5>ODER AUCH DIESE SPEZIALIT\u00c4TEN VON UNSEREM GRILL<\/h5>\n<p><b>T\u00e4glich frische Fischgerichte<\/b><br \/>\nDer Fisch ist immer frisch (au\u00dfer Garnelen) und wird nach Verf\u00fcgbarkeit angeboten<\/p>\n<p><b>Garnelenschw\u00e4nze<\/b> (VN)<\/p>\n<p><b>Lokale Luganighetta <\/b>(300 gr.)<\/p>\n<p><b>Rib Eye Swiss Quality Beef<\/b> (CH)<\/p>\n<p><b>Frischer H\u00e4hnchen<\/b> (FR)<\/p>\n<p><b>Magnum-Schweinerippchen <\/b> (CH) (600 gr.)<\/p>\n<p><b>Schweinelenderippchen <\/b> (CH) (600 gr.)<\/p>\n<h6>DAS SCHWEIN ERZ\u00c4HLT \u00dcBER SICH<\/h6>\n<p>Rippchenduell (900 gr.),4\/5 Rippchen gegen 10 Schweinelenderippchen<\/p>\n<p><b>Lammkoteletts<\/b> (NZ)<\/p>\n<p><b>Fohlenfilet<\/b> (EU) (250 gr.)<\/p>\n<h6>DIE SCHWEINEKOM\u00d6DIE<\/h6>\n<p>Filet, Rippchen, Koteletts, Luganighetta und Speck<\/p>\n<p><b>Kalbspaillard<\/b> (CH)<\/p>\n<p><b>AustralischesEntrec\u00f4te<\/b> (300\/350 gr.)<\/p>\n<p><b>Aaustralische Filetstreifen \u00a0<\/b><br \/>\nServiert mit Rucola und Parmesanflocken<\/p>\n<p><b>Australisches Rinderfilet<\/b><\/p>\n<p><b>Rinderrippe<\/b> (CH) (450 gr.)<\/p>\n<p><b>Ch\u00e2teaubriand vom australischen Rind<\/b> (min. 2 Personen)<br \/>\nServiert mit Pommes Frites, gegrillten Beilagen und Sauce Bernaise.<\/p>\n<h6>Gemischter Fleisch vom Grill<\/h6>\n<p>Rippchen, Wurst, H\u00e4hnchenschenkel, Lammkarree, Fohlen, Rinderlendensteak<\/p>\n","protected":false},"excerpt":{"rendered":"<p>GRILLSPEZIALIT\u00c4TEN DER GRILL BEGLEITET UNS SEIT JEHER DAS GANZE JAHR \u00dcBER MITTAGS UND ABENDS. DAS SCHWEIN ERZ\u00c4HLT VON SICH RIPPCHEN [&hellip;]<\/p>\n","protected":false},"author":1,"featured_media":0,"parent":3899,"menu_order":0,"comment_status":"closed","ping_status":"closed","template":"page-templates\/grid-page.php","meta":{"footnotes":"","_links_to":"","_links_to_target":""},"class_list":["post-3991","page","type-page","status-publish","hentry"],"_links":{"self":[{"href":"https:\/\/serta.ch\/de\/wp-json\/wp\/v2\/pages\/3991","targetHints":{"allow":["GET"]}}],"collection":[{"href":"https:\/\/serta.ch\/de\/wp-json\/wp\/v2\/pages"}],"about":[{"href":"https:\/\/serta.ch\/de\/wp-json\/wp\/v2\/types\/page"}],"author":[{"embeddable":true,"href":"https:\/\/serta.ch\/de\/wp-json\/wp\/v2\/users\/1"}],"replies":[{"embeddable":true,"href":"https:\/\/serta.ch\/de\/wp-json\/wp\/v2\/comments?post=3991"}],"version-history":[{"count":6,"href":"https:\/\/serta.ch\/de\/wp-json\/wp\/v2\/pages\/3991\/revisions"}],"predecessor-version":[{"id":4053,"href":"https:\/\/serta.ch\/de\/wp-json\/wp\/v2\/pages\/3991\/revisions\/4053"}],"up":[{"embeddable":true,"href":"https:\/\/serta.ch\/de\/wp-json\/wp\/v2\/pages\/3899"}],"wp:attachment":[{"href":"https:\/\/serta.ch\/de\/wp-json\/wp\/v2\/media?parent=3991"}],"curies":[{"name":"wp","href":"https:\/\/api.w.org\/{rel}","templated":true}]}}